{"id":7,"date":"2013-04-13T17:57:38","date_gmt":"2013-04-13T15:57:38","guid":{"rendered":"http:\/\/www.3deee.ch\/?page_id=7"},"modified":"2019-01-13T17:01:59","modified_gmt":"2019-01-13T15:01:59","slug":"wichtige-pages","status":"publish","type":"page","link":"https:\/\/www.3deee.ch\/?page_id=7","title":{"rendered":"Wichtige Pages"},"content":{"rendered":"<p>Falls ihr euch intensiver mit dem 3d-drucken befassen wollt, habe ich hier einige Seiten zusammengetragen, die f\u00fcr euch interessant sein k\u00f6nnten:<\/p>\n<p><strong>Allgemeines \u00fcber das 3d-drucken<\/strong><\/p>\n<ul>\n<li><a title=\"3druck.com\" href=\"http:\/\/3druck.com\" target=\"_blank\" rel=\"noopener\">http:\/\/3druck.com<\/a><\/li>\n<li><a href=\"http:\/\/www.3ders.org\" target=\"_blank\" rel=\"noopener\">http:\/\/www.3ders.org<\/a><\/li>\n<li><a title=\"A-guide-for-3d-printing-with-a-RepRap\" href=\"http:\/\/www.instructables.com\/id\/A-guide-for-3d-printing-with-a-RepRap\/\" target=\"_blank\" rel=\"noopener\">A-guide-for-3d-printing-with-a-RepRap<\/a><\/li>\n<\/ul>\n<p><strong>RepRap-Bewegung<\/strong><\/p>\n<ul>\n<li><a title=\"reprap.org\" href=\"http:\/\/reprap.org\/wiki\/Main_Page\" target=\"_blank\" rel=\"noopener\">http:\/\/reprap.org\/wiki\/Main_Page<\/a><\/li>\n<li><a title=\"http:\/\/www.reprapfordummies.net\/\" href=\"http:\/\/www.reprapfordummies.net\/\" target=\"_blank\" rel=\"noopener\">http:\/\/www.reprapfordummies.net\/<\/a><\/li>\n<li><a title=\"http:\/\/richrap.blogspot.ch\/\" href=\"http:\/\/richrap.blogspot.ch\/\" target=\"_blank\" rel=\"noopener\">http:\/\/richrap.blogspot.ch\/<\/a><\/li>\n<\/ul>\n<p><strong>RepRap-Magazin<\/strong><\/p>\n<ul>\n<li><a href=\"http:\/\/reprapmagazine.com\/\" target=\"_blank\" rel=\"noopener\">http:\/\/reprapmagazine.com\/<\/a><\/li>\n<\/ul>\n<p><strong>Communities<\/strong><\/p>\n<ul>\n<li>\u00a0<a href=\"https:\/\/plus.google.com\/u\/0\/communities\/117814474100552114108\" target=\"_blank\" rel=\"noopener\">3D Printing (auf Google+)<\/a><\/li>\n<li>\u00a0<a href=\"https:\/\/plus.google.com\/u\/0\/communities\/111208167678982538629\" target=\"_blank\" rel=\"noopener\">3D-Druck Schweiz (auf Google+)<\/a><\/li>\n<li>\u00a0<a href=\"https:\/\/plus.google.com\/u\/0\/communities\/108419464619607320823\" target=\"_blank\" rel=\"noopener\">RepRap (auf Google+)<\/a><\/li>\n<li>\u00a0<a href=\"https:\/\/plus.google.com\/u\/0\/communities\/105413589856236995389\" target=\"_blank\" rel=\"noopener\">Make: makezine.com (auf Google+)<\/a><\/li>\n<li>\u00a0<a href=\"http:\/\/forums.reprap.org\/index.php?236\" target=\"_blank\" rel=\"noopener\">Offizielles, deutsches RepRap-Forum<\/a><\/li>\n<li>\u00a0<a href=\"https:\/\/forum.germanreprap.com\/de\/forum\/\" target=\"_blank\" rel=\"noopener\">Forum von GermanRepRap<\/a><\/li>\n<\/ul>\n<p><strong>3D-Modell-Community<\/strong><\/p>\n<ul>\n<li><a title=\"https:\/\/www.youmagine.com\/\" href=\"https:\/\/www.thingiverse.com\" target=\"_blank\" rel=\"noopener\">https:\/\/www.thingiverse.com<\/a><\/li>\n<li><a href=\"http:\/\/www.youmagine.com\/\">http:\/\/www.youmagine.com\/<\/a><\/li>\n<li><a href=\"http:\/\/www.cgtrader.com\" target=\"_blank\" rel=\"noopener\">http:\/\/www.cgtrader.com<\/a><\/li>\n<li><a href=\"http:\/\/grabcad.com\/\" target=\"_blank\" rel=\"noopener\">http:\/\/grabcad.com\/<\/a><\/li>\n<\/ul>\n<p><strong>Hardware-Shops<\/strong><\/p>\n<ul>\n<li><a href=\"https:\/\/www.coobx.com\" target=\"_blank\" rel=\"noopener\">https:\/\/www.coobx.com<\/a><\/li>\n<li><a title=\"germanreprap.com\" href=\"https:\/\/www.germanreprap.com\/de\" target=\"_blank\" rel=\"noopener\">https:\/\/www.germanreprap.com\/de<\/a><\/li>\n<li><a href=\"https:\/\/swissreprap.com\/de\/\" target=\"_blank\" rel=\"noopener\">https:\/\/swissreprap.com\/de\/<\/a><\/li>\n<li><a title=\"reprap.cc\" href=\"http:\/\/www.reprap.cc\" target=\"_blank\" rel=\"noopener\">http:\/\/www.reprap.cc<\/a><\/li>\n<li><a title=\"3dprinterkit.ch\" href=\"http:\/\/3dprinterkit.ch\" target=\"_blank\" rel=\"noopener\">http:\/\/3dprinterkit.ch<\/a><\/li>\n<li><a href=\"http:\/\/ultimaker.com\/\" target=\"_blank\" rel=\"noopener\">http:\/\/ultimaker.com\/<\/a><\/li>\n<\/ul>\n<p><strong>Slicing-Software<\/strong><\/p>\n<ul>\n<li><a title=\"slic3r.org\" href=\"http:\/\/slic3r.org\/\" target=\"_blank\" rel=\"noopener\">http:\/\/slic3r.org\/<\/a> (slic3r)<\/li>\n<li><a href=\"http:\/\/software.ultimaker.com\" target=\"_blank\" rel=\"noopener\">http:\/\/software.ultimaker.com<\/a> (Cura)<\/li>\n<li><a href=\"http:\/\/www.simplify3d.com\" target=\"_blank\" rel=\"noopener\">http:\/\/www.simplify3d.com<\/a> (simplify3d)<\/li>\n<li><a href=\"http:\/\/www.craftunique.com\/craftware\" target=\"_blank\" rel=\"noopener\">http:\/\/www.craftunique.com\/craftware<\/a> (craftware)<\/li>\n<li><a title=\"fabmetheus.crsndoo.com\" href=\"http:\/\/fabmetheus.crsndoo.com\/\" target=\"_blank\" rel=\"noopener\">http:\/\/fabmetheus.crsndoo.com\/<\/a> (Skeinforge)<\/li>\n<li><a title=\"http:\/\/kisslicer.com\/download.html\" href=\"http:\/\/kisslicer.com\/download.html\" target=\"_blank\" rel=\"noopener\">http:\/\/kisslicer.com\/download.html<\/a> (Kisslicer)<\/li>\n<\/ul>\n<p><strong>Host-Software<\/strong><\/p>\n<ul>\n<li><a title=\"repetier.com\" href=\"http:\/\/www.repetier.com\/\" target=\"_blank\" rel=\"noopener\">http:\/\/www.repetier.com\/<\/a> (Repetierhost)<\/li>\n<li><a title=\"https:\/\/github.com\/kliment\/Printrun\" href=\"https:\/\/github.com\/kliment\/Printrun\" target=\"_blank\" rel=\"noopener\">https:\/\/github.com\/kliment\/Printrun<\/a> (Printrun)<\/li>\n<li><a title=\"http:\/\/sourceforge.net\/projects\/repsnapper\/files\/\" href=\"http:\/\/sourceforge.net\/projects\/repsnapper\/files\/\" target=\"_blank\" rel=\"noopener\">http:\/\/sourceforge.net\/projects\/repsnapper\/files\/<\/a> (RepSnapper)<\/li>\n<\/ul>\n<p><strong>Software um Firmware aufzuspielen<\/strong><\/p>\n<ul>\n<li><a title=\"www.arduino.cc\" href=\"http:\/\/www.arduino.cc\/\" target=\"_blank\" rel=\"noopener\">http:\/\/www.arduino.cc\/<\/a><\/li>\n<\/ul>\n<p><strong>CAD-Software (Freeware)<\/strong><\/p>\n<ul>\n<li><a href=\"http:\/\/www.google.com\/intl\/de\/sketchup\/download\/\" target=\"_blank\" rel=\"noopener\">google SketchUp Pro<\/a>\u00a0(freeware)<\/li>\n<li><a href=\"http:\/\/www.123dapp.com\/design\" target=\"_blank\" rel=\"noopener\">Autodesk 123D Design<\/a>\u00a0(freeware)<\/li>\n<li><a href=\"http:\/\/sourceforge.net\/apps\/mediawiki\/free-cad\/index.php?title=Main_Page\" target=\"_blank\" rel=\"noopener\">FreeCAD<\/a>\u00a0(freeware)<\/li>\n<li><a href=\"http:\/\/www.openscad.org\/\" target=\"_blank\" rel=\"noopener\">OpenSCAD<\/a>\u00a0(freeware)<\/li>\n<li><a href=\"https:\/\/www.autodesk.com\/products\/fusion-360\/overview\">Autodesk Fusion<\/a> (free for private use)<\/li>\n<\/ul>\n<p><strong>Weiter interessante Software f\u00fcr das 3D-Drucken<\/strong><\/p>\n<ul>\n<li><a href=\"http:\/\/www.meshmixer.com\" target=\"_blank\" rel=\"noopener\">meshmixer<\/a>\u00a0(&#8222;kneten&#8220; von Modellen und hinzuf\u00fcgen von Support-Material und manipulieren von STL)<\/li>\n<li><a href=\"http:\/\/labs.autodesk.com\/utilities\/miller\/\" target=\"_blank\" rel=\"noopener\">project miller<\/a>\u00a0(gCode-Simulator)<\/li>\n<\/ul>\n<p><strong>Software um STL-Files zu manipulieren (Freeware)<\/strong><\/p>\n<ul>\n<li><a href=\"http:\/\/meshlab.sourceforge.net\/\" target=\"_blank\" rel=\"noopener\">MeshLab<\/a><\/li>\n<li><a href=\"http:\/\/www.netfabb.com\/download.php\" target=\"_blank\" rel=\"noopener\">NetFabb Studio Basic<\/a><\/li>\n<\/ul>\n<p><strong>3d-Druckdienstleister<\/strong><\/p>\n<ul>\n<li><a href=\"http:\/\/www.prodartis.ch\" target=\"_blank\" rel=\"noopener\">http:\/\/www.prodartis.ch<\/a>\u00a0&#8211;&gt; Ich arbeite pers\u00f6nlich, im beruflichen Umfeld immer mit prodartis, wenn es um SLS-Bauteile geht und bin von deren Arbeit immer wieder beeindruckt.<\/li>\n<li>Die Firma\u00a0<span class=\"lG\">prodartis<\/span>\u00a0AG ist ein 3D-Druck-Dienstleister, welcher Serienteile additiv in hoher, spritzgussnaher Qualit\u00e4t herstellt. Ralf Schindel, Gesch\u00e4ftsf\u00fchrer der\u00a0<span class=\"lG\">prodartis<\/span>, ist einer, der sich gezwungenermassen vertieft mit den neusten Erzeugnissen der 3D-Drucker-Hersteller auseinandersetzt. Auch mit den neuen Druckern von HP. Heute verf\u00fcgt die Firma \u00fcber mehrere 3D-Drucker, die auf die Bed\u00fcrfnisse der Firma angepasst wurden, oder wie Ralf Schindel es nennt: \u00abEs handelt sich um gepimpte SLS-Technologie, die wir einsetzen.\u00bb Wer mit Schindel redet, der wird \u00f6fters das Wort \u00abQualit\u00e4t\u00bb h\u00f6ren. Aber das ist kein Wunder, denn wer die Arbeit der Appenzeller in Anspruch nimmt, der setzt nicht nur auf Qualit\u00e4tsarbeit, er bekommt sie auch. Doch eine hohe, Spritzguss nahe Qualit\u00e4t hinzubekommen ist eine Herausforderung f\u00fcr die additiven Verfahren.<\/li>\n<li><a href=\"http:\/\/www.shapeways.com\/\" target=\"_blank\" rel=\"noopener\">http:\/\/www.shapeways.com\/<\/a><\/li>\n<li><a href=\"http:\/\/www.quickparts.com\/eu\/de.aspx\" target=\"_blank\" rel=\"noopener\">http:\/\/www.quickparts.com\/eu\/de.aspx<\/a><\/li>\n<li><a href=\"https:\/\/www.3dhubs.com\">https:\/\/www.3dhubs.com<\/a><\/li>\n<li><a href=\"https:\/\/www.protolabs.com\/\">https:\/\/www.protolabs.com\/<\/a><\/li>\n<\/ul>\n","protected":false},"excerpt":{"rendered":"<p>Falls ihr euch intensiver mit dem 3d-drucken befassen wollt, habe ich hier einige Seiten zusammengetragen, die f\u00fcr euch interessant sein k\u00f6nnten: Allgemeines \u00fcber das 3d-drucken http:\/\/3druck.com http:\/\/www.3ders.org A-guide-for-3d-printing-with-a-RepRap RepRap-Bewegung http:\/\/reprap.org\/wiki\/Main_Page http:\/\/www.reprapfordummies.net\/ http:\/\/richrap.blogspot.ch\/ RepRap-Magazin http:\/\/reprapmagazine.com\/ Communities \u00a03D Printing (auf Google+) \u00a03D-Druck Schweiz (auf Google+) \u00a0RepRap (auf Google+) \u00a0Make: makezine.com (auf Google+)&#8230;<\/p>\n","protected":false},"author":2,"featured_media":0,"parent":0,"menu_order":4,"comment_status":"open","ping_status":"open","template":"","meta":{"_links_to":"","_links_to_target":""},"_links":{"self":[{"href":"https:\/\/www.3deee.ch\/index.php?rest_route=\/wp\/v2\/pages\/7"}],"collection":[{"href":"https:\/\/www.3deee.ch\/index.php?rest_route=\/wp\/v2\/pages"}],"about":[{"href":"https:\/\/www.3deee.ch\/index.php?rest_route=\/wp\/v2\/types\/page"}],"author":[{"embeddable":true,"href":"https:\/\/www.3deee.ch\/index.php?rest_route=\/wp\/v2\/users\/2"}],"replies":[{"embeddable":true,"href":"https:\/\/www.3deee.ch\/index.php?rest_route=%2Fwp%2Fv2%2Fcomments&post=7"}],"version-history":[{"count":27,"href":"https:\/\/www.3deee.ch\/index.php?rest_route=\/wp\/v2\/pages\/7\/revisions"}],"predecessor-version":[{"id":1093,"href":"https:\/\/www.3deee.ch\/index.php?rest_route=\/wp\/v2\/pages\/7\/revisions\/1093"}],"wp:attachment":[{"href":"https:\/\/www.3deee.ch\/index.php?rest_route=%2Fwp%2Fv2%2Fmedia&parent=7"}],"curies":[{"name":"wp","href":"https:\/\/api.w.org\/{rel}","templated":true}]}}